{"id":247,"date":"2022-07-21T10:37:14","date_gmt":"2022-07-21T08:37:14","guid":{"rendered":"https:\/\/compilnoma2.fr\/?page_id=247"},"modified":"2022-07-21T12:21:58","modified_gmt":"2022-07-21T10:21:58","slug":"les-articles","status":"publish","type":"page","link":"https:\/\/compilnoma2.fr\/?page_id=247","title":{"rendered":"LE BLOG"},"content":{"rendered":"\t\t<div data-elementor-type=\"wp-page\" data-elementor-id=\"247\" class=\"elementor elementor-247\">\n\t\t\t\t\t\t\t\t\t<section class=\"elementor-section elementor-top-section elementor-element elementor-element-6ae75f5 elementor-section-boxed elementor-section-height-default elementor-section-height-default\" data-id=\"6ae75f5\" data-element_type=\"section\">\n\t\t\t\t\t\t<div class=\"elementor-container elementor-column-gap-default\">\n\t\t\t\t\t<div class=\"elementor-column elementor-col-100 elementor-top-column elementor-element elementor-element-846d764\" data-id=\"846d764\" data-element_type=\"column\">\n\t\t\t<div class=\"elementor-widget-wrap elementor-element-populated\">\n\t\t\t\t\t\t\t\t<div class=\"elementor-element elementor-element-75a3b94 elementor-widget elementor-widget-heading\" data-id=\"75a3b94\" data-element_type=\"widget\" data-widget_type=\"heading.default\">\n\t\t\t\t<div class=\"elementor-widget-container\">\n\t\t\t<style>\/*! elementor - v3.6.8 - 27-07-2022 *\/\n.elementor-heading-title{padding:0;margin:0;line-height:1}.elementor-widget-heading .elementor-heading-title[class*=elementor-size-]>a{color:inherit;font-size:inherit;line-height:inherit}.elementor-widget-heading .elementor-heading-title.elementor-size-small{font-size:15px}.elementor-widget-heading .elementor-heading-title.elementor-size-medium{font-size:19px}.elementor-widget-heading .elementor-heading-title.elementor-size-large{font-size:29px}.elementor-widget-heading .elementor-heading-title.elementor-size-xl{font-size:39px}.elementor-widget-heading .elementor-heading-title.elementor-size-xxl{font-size:59px}<\/style><h2 class=\"elementor-heading-title elementor-size-default\">D\u00e9couvrez nos derniers articles<\/h2>\t\t<\/div>\n\t\t\t\t<\/div>\n\t\t\t\t<div class=\"elementor-element elementor-element-2656fd5 elementor-widget elementor-widget-spacer\" data-id=\"2656fd5\" data-element_type=\"widget\" data-widget_type=\"spacer.default\">\n\t\t\t\t<div class=\"elementor-widget-container\">\n\t\t\t<style>\/*! elementor - v3.6.8 - 27-07-2022 *\/\n.e-container.e-container--row .elementor-spacer-inner{width:var(--spacer-size)}.e-container.e-container--column .elementor-spacer-inner,.elementor-column .elementor-spacer-inner{height:var(--spacer-size)}<\/style>\t\t<div class=\"elementor-spacer\">\n\t\t\t<div class=\"elementor-spacer-inner\"><\/div>\n\t\t<\/div>\n\t\t\t\t<\/div>\n\t\t\t\t<\/div>\n\t\t\t\t<div class=\"elementor-element elementor-element-96478aa premium-blog-align-left elementor-widget elementor-widget-premium-addon-blog\" data-id=\"96478aa\" data-element_type=\"widget\" data-settings=\"{&quot;premium_blog_columns_number&quot;:&quot;25%&quot;,&quot;premium_blog_grid&quot;:&quot;yes&quot;,&quot;premium_blog_layout&quot;:&quot;even&quot;,&quot;premium_blog_columns_number_tablet&quot;:&quot;50%&quot;,&quot;premium_blog_columns_number_mobile&quot;:&quot;100%&quot;}\" data-widget_type=\"premium-addon-blog.default\">\n\t\t\t\t<div class=\"elementor-widget-container\">\n\t\t\t\r\n\t\t\t\t<div class=\"premium-blog-wrap  premium-blog-even\" data-page=\"247\">\r\n\t\t\t\t\t<div class=\"premium-blog-post-outer-container\" data-total=\"1\">\r\n\t\t\t<div class=\"premium-blog-post-container premium-blog-skin-classic\">\r\n\t\t\t\t\t\t\t\t\t<div class=\"premium-blog-thumb-effect-wrapper\">\r\n\t\t\t\t\t\t<div class=\"premium-blog-thumbnail-container premium-blog-zoomin-effect\">\r\n\t\t\t\t\t\t\t<img loading=\"lazy\" decoding=\"async\" width=\"2560\" height=\"1707\" src=\"https:\/\/compilnoma2.fr\/wp-content\/uploads\/2022\/07\/IMG_5799-scaled.jpg\" class=\"attachment-full size-full\" alt=\"HipHopGraff\" \/>\t\t\t\t\t\t<\/div>\r\n\t\t\t\t\t\t\t\t\t\t\t\t\t<div class=\"premium-blog-thumbnail-overlay\">\r\n\t\t\t\t\t\t\t\t<a class=\"elementor-icon\" href=\"https:\/\/compilnoma2.fr\/?p=56\" target=\"_blank\"><\/a>\r\n\t\t\t\t\t\t\t<\/div>\r\n\t\t\t\t\t\t\t\t\t\t\t<\/div>\r\n\t\t\t\t\t\t\t\t\t\t\t\t<div class=\"premium-blog-content-wrapper \">\r\n\r\n\t\t\t\t\t<div class=\"premium-blog-inner-container\">\r\n\r\n\t\t\t\t\t\t\t\t\t\t\t\t\t\t<h2 class=\"premium-blog-entry-title\">\r\n\t\t\t<a href=\"https:\/\/compilnoma2.fr\/?p=56\" target=\"_blank\">\r\n\t\t\t\tHip-hop, retour sur l\u2019expo \u00e0 Paris\t\t\t<\/a>\r\n\t\t<\/h2>\r\n\t\t\t\t<div class=\"premium-blog-entry-meta\">\r\n\t\t\t\r\n\t\t\t\r\n\t\t\t\t\t\t\t<span class=\"premium-blog-meta-separator\">\u2022<\/span>\r\n\t\t\t\t<div class=\"premium-blog-post-categories premium-blog-meta-data\">\r\n\t\t\t\t\t<i class=\"fa fa-align-left fa-fw\"><\/i>\r\n\t\t\t\t\t<a href=\"https:\/\/compilnoma2.fr\/?cat=5\" rel=\"category\">Actualit\u00e9 musicale<\/a>\t\t\t\t<\/div>\r\n\t\t\t\r\n\t\t\t\t\t<\/div>\r\n\t\t\r\n\t\t\t\t\t<\/div>\r\n\r\n\t\t\t\t\t<p class=\"premium-blog-post-content\">Pr\u00e9sent\u00e9e \u00e0 la Philharmonie de Paris depuis d\u00e9cembre 2021, l&rsquo;exposition \u201cHip-Hop 360\u201d se termine le 24 juillet. Une \u00ab\u00a0gloire \u00e0 l\u2019art de \u2026<\/p>\t\t\t\t\t\r\n\t\t\t\t<\/div>\r\n\t\t\t<\/div>\r\n\t\t<\/div>\r\n\r\n\t\t\t\t<\/div>\r\n\r\n\t\t\t\t<\/div>\n\t\t\t\t<\/div>\n\t\t\t\t<div class=\"elementor-element elementor-element-8952752 elementor-widget elementor-widget-spacer\" data-id=\"8952752\" data-element_type=\"widget\" data-widget_type=\"spacer.default\">\n\t\t\t\t<div class=\"elementor-widget-container\">\n\t\t\t\t\t<div class=\"elementor-spacer\">\n\t\t\t<div class=\"elementor-spacer-inner\"><\/div>\n\t\t<\/div>\n\t\t\t\t<\/div>\n\t\t\t\t<\/div>\n\t\t\t\t<section class=\"elementor-section elementor-inner-section elementor-element elementor-element-1995608 elementor-section-boxed elementor-section-height-default elementor-section-height-default\" data-id=\"1995608\" data-element_type=\"section\">\n\t\t\t\t\t\t<div class=\"elementor-container elementor-column-gap-default\">\n\t\t\t\t\t<div class=\"elementor-column elementor-col-100 elementor-inner-column elementor-element elementor-element-e39d448\" data-id=\"e39d448\" data-element_type=\"column\">\n\t\t\t<div class=\"elementor-widget-wrap elementor-element-populated\">\n\t\t\t\t\t\t\t\t<div class=\"elementor-element elementor-element-393fd06 elementor-widget elementor-widget-heading\" data-id=\"393fd06\" data-element_type=\"widget\" data-widget_type=\"heading.default\">\n\t\t\t\t<div class=\"elementor-widget-container\">\n\t\t\t<h2 class=\"elementor-heading-title elementor-size-default\">Parcourez Compilnoma2<\/h2>\t\t<\/div>\n\t\t\t\t<\/div>\n\t\t\t\t<div class=\"elementor-element elementor-element-a5a47a1 elementor-widget elementor-widget-wp-widget-search\" data-id=\"a5a47a1\" data-element_type=\"widget\" data-widget_type=\"wp-widget-search.default\">\n\t\t\t\t<div class=\"elementor-widget-container\">\n\t\t\t<form role=\"search\" method=\"get\" class=\"search-form\" action=\"https:\/\/compilnoma2.fr\/\">\n\t\t\t\t<label>\n\t\t\t\t\t<span class=\"screen-reader-text\">Rechercher\u00a0:<\/span>\n\t\t\t\t\t<input type=\"search\" class=\"search-field\" placeholder=\"Rechercher\u2026\" value=\"\" name=\"s\" \/>\n\t\t\t\t<\/label>\n\t\t\t\t<input type=\"submit\" class=\"search-submit\" value=\"Rechercher\" \/>\n\t\t\t<\/form>\t\t<\/div>\n\t\t\t\t<\/div>\n\t\t\t\t<div class=\"elementor-element elementor-element-28baf3b elementor-widget elementor-widget-wp-widget-archives\" data-id=\"28baf3b\" data-element_type=\"widget\" data-widget_type=\"wp-widget-archives.default\">\n\t\t\t\t<div class=\"elementor-widget-container\">\n\t\t\t<h5>Archives<\/h5>\t\t<label class=\"screen-reader-text\" for=\"archives-dropdown-REPLACE_TO_ID\">Archives<\/label>\n\t\t<select id=\"archives-dropdown-REPLACE_TO_ID\" name=\"archive-dropdown\">\n\t\t\t\n\t\t\t<option value=\"\">S\u00e9lectionner un mois<\/option>\n\t\t\t\t<option value='https:\/\/compilnoma2.fr\/?m=202207'> juillet 2022 &nbsp;(1)<\/option>\n\t<option value='https:\/\/compilnoma2.fr\/?m=202206'> juin 2022 &nbsp;(1)<\/option>\n\n\t\t<\/select>\n\n\t\t\t<script>\n( ( dropdownId ) => {\n\tconst dropdown = document.getElementById( dropdownId );\n\tfunction onSelectChange() {\n\t\tsetTimeout( () => {\n\t\t\tif ( 'escape' === dropdown.dataset.lastkey ) {\n\t\t\t\treturn;\n\t\t\t}\n\t\t\tif ( dropdown.value ) {\n\t\t\t\tdocument.location.href = dropdown.value;\n\t\t\t}\n\t\t}, 250 );\n\t}\n\tfunction onKeyUp( event ) {\n\t\tif ( 'Escape' === event.key ) {\n\t\t\tdropdown.dataset.lastkey = 'escape';\n\t\t} else {\n\t\t\tdelete dropdown.dataset.lastkey;\n\t\t}\n\t}\n\tfunction onClick() {\n\t\tdelete dropdown.dataset.lastkey;\n\t}\n\tdropdown.addEventListener( 'keyup', onKeyUp );\n\tdropdown.addEventListener( 'click', onClick );\n\tdropdown.addEventListener( 'change', onSelectChange );\n})( \"archives-dropdown-REPLACE_TO_ID\" );\n\n\/\/# sourceURL=WP_Widget_Archives%3A%3Awidget\n<\/script>\n\t\t<\/div>\n\t\t\t\t<\/div>\n\t\t\t\t\t<\/div>\n\t\t<\/div>\n\t\t\t\t\t\t\t<\/div>\n\t\t<\/section>\n\t\t\t\t\t<\/div>\n\t\t<\/div>\n\t\t\t\t\t\t\t<\/div>\n\t\t<\/section>\n\t\t\t\t<section class=\"elementor-section elementor-top-section elementor-element elementor-element-83fbcc1 elementor-section-boxed elementor-section-height-default elementor-section-height-default\" data-id=\"83fbcc1\" data-element_type=\"section\">\n\t\t\t\t\t\t<div class=\"elementor-container elementor-column-gap-default\">\n\t\t\t\t\t<div class=\"elementor-column elementor-col-100 elementor-top-column elementor-element elementor-element-b09262c\" data-id=\"b09262c\" data-element_type=\"column\">\n\t\t\t<div class=\"elementor-widget-wrap\">\n\t\t\t\t\t\t\t\t\t<\/div>\n\t\t<\/div>\n\t\t\t\t\t\t\t<\/div>\n\t\t<\/section>\n\t\t\t\t\t\t\t<\/div>\n\t\t","protected":false},"excerpt":{"rendered":"<p>D\u00e9couvrez nos derniers articles Hip-hop, retour sur l\u2019expo \u00e0 Paris \u2022 Actualit\u00e9 musicale Pr\u00e9sent\u00e9e \u00e0 la Philharmonie de Paris depuis d\u00e9cembre 2021, l&rsquo;exposition \u201cHip-Hop 360\u201d se termine le 24 juillet. Une \u00ab\u00a0gloire \u00e0 l\u2019art de \u2026 Parcourez Compilnoma2<\/p>\n","protected":false},"author":1,"featured_media":0,"parent":0,"menu_order":0,"comment_status":"closed","ping_status":"closed","template":"","meta":{"footnotes":""},"class_list":["post-247","page","type-page","status-publish","hentry"],"yoast_head":"<!-- This site is optimized with the Yoast SEO plugin v19.4 - https:\/\/yoast.com\/wordpress\/plugins\/seo\/ -->\n<title>LE BLOG -<\/title>\n<meta name=\"robots\" content=\"index, follow, max-snippet:-1, max-image-preview:large, max-video-preview:-1\" \/>\n<link rel=\"canonical\" href=\"https:\/\/compilnoma2.fr\/?page_id=247\" \/>\n<meta property=\"og:locale\" content=\"fr_FR\" \/>\n<meta property=\"og:type\" content=\"article\" \/>\n<meta property=\"og:title\" content=\"LE BLOG -\" \/>\n<meta property=\"og:description\" content=\"D\u00e9couvrez nos derniers articles Hip-hop, retour sur l\u2019expo \u00e0 Paris \u2022 Actualit\u00e9 musicale Pr\u00e9sent\u00e9e \u00e0 la Philharmonie de Paris depuis d\u00e9cembre 2021, l&rsquo;exposition \u201cHip-Hop 360\u201d se termine le 24 juillet. Une \u00ab\u00a0gloire \u00e0 l\u2019art de \u2026 Parcourez Compilnoma2\" \/>\n<meta property=\"og:url\" content=\"https:\/\/compilnoma2.fr\/?page_id=247\" \/>\n<meta property=\"article:modified_time\" content=\"2022-07-21T10:21:58+00:00\" \/>\n<meta property=\"og:image\" content=\"https:\/\/compilnoma2.fr\/wp-content\/uploads\/2022\/07\/IMG_5799-scaled.jpg\" \/>\n<meta name=\"twitter:card\" content=\"summary_large_image\" \/>\n<meta name=\"twitter:label1\" content=\"Dur\u00e9e de lecture estim\u00e9e\" \/>\n\t<meta name=\"twitter:data1\" content=\"1 minute\" \/>\n<script type=\"application\/ld+json\" class=\"yoast-schema-graph\">{\"@context\":\"https:\/\/schema.org\",\"@graph\":[{\"@type\":\"WebSite\",\"@id\":\"https:\/\/compilnoma2.fr\/#website\",\"url\":\"https:\/\/compilnoma2.fr\/\",\"name\":\"\",\"description\":\"\",\"potentialAction\":[{\"@type\":\"SearchAction\",\"target\":{\"@type\":\"EntryPoint\",\"urlTemplate\":\"https:\/\/compilnoma2.fr\/?s={search_term_string}\"},\"query-input\":\"required name=search_term_string\"}],\"inLanguage\":\"fr-FR\"},{\"@type\":\"WebPage\",\"@id\":\"https:\/\/compilnoma2.fr\/?page_id=247\",\"url\":\"https:\/\/compilnoma2.fr\/?page_id=247\",\"name\":\"LE BLOG -\",\"isPartOf\":{\"@id\":\"https:\/\/compilnoma2.fr\/#website\"},\"datePublished\":\"2022-07-21T08:37:14+00:00\",\"dateModified\":\"2022-07-21T10:21:58+00:00\",\"breadcrumb\":{\"@id\":\"https:\/\/compilnoma2.fr\/?page_id=247#breadcrumb\"},\"inLanguage\":\"fr-FR\",\"potentialAction\":[{\"@type\":\"ReadAction\",\"target\":[\"https:\/\/compilnoma2.fr\/?page_id=247\"]}]},{\"@type\":\"BreadcrumbList\",\"@id\":\"https:\/\/compilnoma2.fr\/?page_id=247#breadcrumb\",\"itemListElement\":[{\"@type\":\"ListItem\",\"position\":1,\"name\":\"Accueil\",\"item\":\"https:\/\/compilnoma2.fr\/\"},{\"@type\":\"ListItem\",\"position\":2,\"name\":\"LE BLOG\"}]}]}<\/script>\n<!-- \/ Yoast SEO plugin. -->","yoast_head_json":{"title":"LE BLOG -","robots":{"index":"index","follow":"follow","max-snippet":"max-snippet:-1","max-image-preview":"max-image-preview:large","max-video-preview":"max-video-preview:-1"},"canonical":"https:\/\/compilnoma2.fr\/?page_id=247","og_locale":"fr_FR","og_type":"article","og_title":"LE BLOG -","og_description":"D\u00e9couvrez nos derniers articles Hip-hop, retour sur l\u2019expo \u00e0 Paris \u2022 Actualit\u00e9 musicale Pr\u00e9sent\u00e9e \u00e0 la Philharmonie de Paris depuis d\u00e9cembre 2021, l&rsquo;exposition \u201cHip-Hop 360\u201d se termine le 24 juillet. Une \u00ab\u00a0gloire \u00e0 l\u2019art de \u2026 Parcourez Compilnoma2","og_url":"https:\/\/compilnoma2.fr\/?page_id=247","article_modified_time":"2022-07-21T10:21:58+00:00","og_image":[{"url":"https:\/\/compilnoma2.fr\/wp-content\/uploads\/2022\/07\/IMG_5799-scaled.jpg"}],"twitter_card":"summary_large_image","twitter_misc":{"Dur\u00e9e de lecture estim\u00e9e":"1 minute"},"schema":{"@context":"https:\/\/schema.org","@graph":[{"@type":"WebSite","@id":"https:\/\/compilnoma2.fr\/#website","url":"https:\/\/compilnoma2.fr\/","name":"","description":"","potentialAction":[{"@type":"SearchAction","target":{"@type":"EntryPoint","urlTemplate":"https:\/\/compilnoma2.fr\/?s={search_term_string}"},"query-input":"required name=search_term_string"}],"inLanguage":"fr-FR"},{"@type":"WebPage","@id":"https:\/\/compilnoma2.fr\/?page_id=247","url":"https:\/\/compilnoma2.fr\/?page_id=247","name":"LE BLOG -","isPartOf":{"@id":"https:\/\/compilnoma2.fr\/#website"},"datePublished":"2022-07-21T08:37:14+00:00","dateModified":"2022-07-21T10:21:58+00:00","breadcrumb":{"@id":"https:\/\/compilnoma2.fr\/?page_id=247#breadcrumb"},"inLanguage":"fr-FR","potentialAction":[{"@type":"ReadAction","target":["https:\/\/compilnoma2.fr\/?page_id=247"]}]},{"@type":"BreadcrumbList","@id":"https:\/\/compilnoma2.fr\/?page_id=247#breadcrumb","itemListElement":[{"@type":"ListItem","position":1,"name":"Accueil","item":"https:\/\/compilnoma2.fr\/"},{"@type":"ListItem","position":2,"name":"LE BLOG"}]}]}},"_links":{"self":[{"href":"https:\/\/compilnoma2.fr\/index.php?rest_route=\/wp\/v2\/pages\/247","targetHints":{"allow":["GET"]}}],"collection":[{"href":"https:\/\/compilnoma2.fr\/index.php?rest_route=\/wp\/v2\/pages"}],"about":[{"href":"https:\/\/compilnoma2.fr\/index.php?rest_route=\/wp\/v2\/types\/page"}],"author":[{"embeddable":true,"href":"https:\/\/compilnoma2.fr\/index.php?rest_route=\/wp\/v2\/users\/1"}],"replies":[{"embeddable":true,"href":"https:\/\/compilnoma2.fr\/index.php?rest_route=%2Fwp%2Fv2%2Fcomments&post=247"}],"version-history":[{"count":0,"href":"https:\/\/compilnoma2.fr\/index.php?rest_route=\/wp\/v2\/pages\/247\/revisions"}],"wp:attachment":[{"href":"https:\/\/compilnoma2.fr\/index.php?rest_route=%2Fwp%2Fv2%2Fmedia&parent=247"}],"curies":[{"name":"wp","href":"https:\/\/api.w.org\/{rel}","templated":true}]}}