{"id":456,"date":"2022-11-20T19:45:53","date_gmt":"2022-11-20T18:45:53","guid":{"rendered":"https:\/\/compilnoma2.fr\/?page_id=456"},"modified":"2023-03-26T18:36:57","modified_gmt":"2023-03-26T16:36:57","slug":"guests","status":"publish","type":"page","link":"https:\/\/compilnoma2.fr\/?page_id=456","title":{"rendered":"Nos Guests"},"content":{"rendered":"<h2>&amp;Co<\/h2>\n<p>D&rsquo;une envie \u00e0 l&rsquo;autre et d&rsquo;une sonorit\u00e9 \u00e0 la prochaine, quelques titres en partage &#8211; il parait qu&rsquo;on peut revenir.<\/p>\n<p><img decoding=\"async\" width=\"768\" height=\"432\" src=\"https:\/\/compilnoma2.fr\/wp-content\/uploads\/2022\/11\/20220823_163715-768x432.jpg\" alt=\"\" loading=\"lazy\" srcset=\"https:\/\/compilnoma2.fr\/wp-content\/uploads\/2022\/11\/20220823_163715-768x432.jpg 768w, https:\/\/compilnoma2.fr\/wp-content\/uploads\/2022\/11\/20220823_163715-300x169.jpg 300w, https:\/\/compilnoma2.fr\/wp-content\/uploads\/2022\/11\/20220823_163715-1024x576.jpg 1024w, https:\/\/compilnoma2.fr\/wp-content\/uploads\/2022\/11\/20220823_163715-1536x864.jpg 1536w, https:\/\/compilnoma2.fr\/wp-content\/uploads\/2022\/11\/20220823_163715-2048x1152.jpg 2048w\" sizes=\"auto, (max-width: 768px) 100vw, 768px\"><br \/>\n<a href=\"https:\/\/www.youtube.com\/playlist?list=PLrpuDX7OZVvwRpOSYoartoSQaZ5EzLl8O\" target=\"_blank\" role=\"button\" rel=\"noopener\"><br \/>\nD\u00e9couvrir<br \/>\n<\/a><\/p>\n<h2>Bristol, entre autres<\/h2>\n<p>Je ne connais pas Bristol, mais Bristol est souvent entr\u00e9e chez moi.&nbsp; Je m&rsquo;y suis replong\u00e9e un dimanche, pluvieux, et je me suis perdue un peu plus loin&#8230;<\/p>\n<p><img decoding=\"async\" width=\"768\" height=\"482\" src=\"https:\/\/compilnoma2.fr\/wp-content\/uploads\/2022\/11\/Photo1232-768x482.jpg\" alt=\"\" loading=\"lazy\" srcset=\"https:\/\/compilnoma2.fr\/wp-content\/uploads\/2022\/11\/Photo1232-768x482.jpg 768w, https:\/\/compilnoma2.fr\/wp-content\/uploads\/2022\/11\/Photo1232-300x188.jpg 300w, https:\/\/compilnoma2.fr\/wp-content\/uploads\/2022\/11\/Photo1232-1024x642.jpg 1024w, https:\/\/compilnoma2.fr\/wp-content\/uploads\/2022\/11\/Photo1232-1536x964.jpg 1536w, https:\/\/compilnoma2.fr\/wp-content\/uploads\/2022\/11\/Photo1232.jpg 1927w\" sizes=\"auto, (max-width: 768px) 100vw, 768px\"><br \/>\n<a href=\"https:\/\/youtube.com\/playlist?list=PLrpuDX7OZVvwzUB18a2nknQlEZ9CMWk31\" target=\"_blank\" role=\"button\" rel=\"noopener\"><br \/>\nD\u00e9couvrir<br \/>\n<\/a><\/p>\n<h2>Un dimanche d&rsquo;hiver<\/h2>\n<p>Un dimanche d&rsquo;hiver&#8230; Sans commentaire&#8230;<\/p>\n<p><img decoding=\"async\" width=\"768\" height=\"364\" src=\"https:\/\/compilnoma2.fr\/wp-content\/uploads\/2023\/01\/Gruissan-gris-mai-21-768x364.jpg\" alt=\"\" loading=\"lazy\" srcset=\"https:\/\/compilnoma2.fr\/wp-content\/uploads\/2023\/01\/Gruissan-gris-mai-21-768x364.jpg 768w, https:\/\/compilnoma2.fr\/wp-content\/uploads\/2023\/01\/Gruissan-gris-mai-21-300x142.jpg 300w, https:\/\/compilnoma2.fr\/wp-content\/uploads\/2023\/01\/Gruissan-gris-mai-21-1024x486.jpg 1024w, https:\/\/compilnoma2.fr\/wp-content\/uploads\/2023\/01\/Gruissan-gris-mai-21-1536x729.jpg 1536w, https:\/\/compilnoma2.fr\/wp-content\/uploads\/2023\/01\/Gruissan-gris-mai-21-2048x972.jpg 2048w\" sizes=\"auto, (max-width: 768px) 100vw, 768px\"><br \/>\n<a href=\"https:\/\/youtube.com\/playlist?list=PLrpuDX7OZVvytLDF1osgPAdF_QIMlj1R2\" target=\"_blank\" role=\"button\" rel=\"noopener\"><br \/>\nD\u00e9couvrir<br \/>\n<\/a><\/p>\n<h2>Dark Side<\/h2>\n<p>De celles dont on ne se vante pas toujours, mais dont connait toutes les paroles, et qui nous font bouger immanquablement<\/p>\n<p><img decoding=\"async\" width=\"768\" height=\"576\" src=\"https:\/\/compilnoma2.fr\/wp-content\/uploads\/2023\/03\/Photo0212-768x576.jpg\" alt=\"\" loading=\"lazy\" srcset=\"https:\/\/compilnoma2.fr\/wp-content\/uploads\/2023\/03\/Photo0212-768x576.jpg 768w, https:\/\/compilnoma2.fr\/wp-content\/uploads\/2023\/03\/Photo0212-300x225.jpg 300w, https:\/\/compilnoma2.fr\/wp-content\/uploads\/2023\/03\/Photo0212-1024x768.jpg 1024w, https:\/\/compilnoma2.fr\/wp-content\/uploads\/2023\/03\/Photo0212-1536x1152.jpg 1536w, https:\/\/compilnoma2.fr\/wp-content\/uploads\/2023\/03\/Photo0212.jpg 2048w\" sizes=\"auto, (max-width: 768px) 100vw, 768px\"><br \/>\n<a href=\"https:\/\/www.youtube.com\/playlist?list=PLrpuDX7OZVvwibcAx44UAD5-mHJU1_xoV\" role=\"button\"><br \/>\nD\u00e9couvrir<br \/>\n<\/a><\/p>\n","protected":false},"excerpt":{"rendered":"<p>&amp;Co D&rsquo;une envie \u00e0 l&rsquo;autre et d&rsquo;une sonorit\u00e9 \u00e0 la prochaine, quelques titres en partage &#8211; il parait qu&rsquo;on peut revenir. D\u00e9couvrir Bristol, entre autres Je ne connais pas Bristol, mais Bristol est souvent entr\u00e9e chez moi.&nbsp; Je m&rsquo;y suis replong\u00e9e un dimanche, pluvieux, et je me suis perdue un peu plus loin&#8230; D\u00e9couvrir Un [&hellip;]<\/p>\n","protected":false},"author":1,"featured_media":0,"parent":0,"menu_order":0,"comment_status":"closed","ping_status":"closed","template":"","meta":{"footnotes":""},"class_list":["post-456","page","type-page","status-publish","hentry"],"yoast_head":"<!-- This site is optimized with the Yoast SEO plugin v19.4 - https:\/\/yoast.com\/wordpress\/plugins\/seo\/ -->\n<title>Nos Guests -<\/title>\n<meta name=\"robots\" content=\"index, follow, max-snippet:-1, max-image-preview:large, max-video-preview:-1\" \/>\n<link rel=\"canonical\" href=\"https:\/\/compilnoma2.fr\/?page_id=456\" \/>\n<meta property=\"og:locale\" content=\"fr_FR\" \/>\n<meta property=\"og:type\" content=\"article\" \/>\n<meta property=\"og:title\" content=\"Nos Guests -\" \/>\n<meta property=\"og:description\" content=\"&amp;Co D&rsquo;une envie \u00e0 l&rsquo;autre et d&rsquo;une sonorit\u00e9 \u00e0 la prochaine, quelques titres en partage &#8211; il parait qu&rsquo;on peut revenir. D\u00e9couvrir Bristol, entre autres Je ne connais pas Bristol, mais Bristol est souvent entr\u00e9e chez moi.&nbsp; Je m&rsquo;y suis replong\u00e9e un dimanche, pluvieux, et je me suis perdue un peu plus loin&#8230; D\u00e9couvrir Un [&hellip;]\" \/>\n<meta property=\"og:url\" content=\"https:\/\/compilnoma2.fr\/?page_id=456\" \/>\n<meta property=\"article:modified_time\" content=\"2023-03-26T16:36:57+00:00\" \/>\n<meta property=\"og:image\" content=\"https:\/\/compilnoma2.fr\/wp-content\/uploads\/2022\/11\/20220823_163715-768x432.jpg\" \/>\n<meta name=\"twitter:card\" content=\"summary_large_image\" \/>\n<meta name=\"twitter:label1\" content=\"Dur\u00e9e de lecture estim\u00e9e\" \/>\n\t<meta name=\"twitter:data1\" content=\"2 minutes\" \/>\n<script type=\"application\/ld+json\" class=\"yoast-schema-graph\">{\"@context\":\"https:\/\/schema.org\",\"@graph\":[{\"@type\":\"WebSite\",\"@id\":\"https:\/\/compilnoma2.fr\/#website\",\"url\":\"https:\/\/compilnoma2.fr\/\",\"name\":\"\",\"description\":\"\",\"potentialAction\":[{\"@type\":\"SearchAction\",\"target\":{\"@type\":\"EntryPoint\",\"urlTemplate\":\"https:\/\/compilnoma2.fr\/?s={search_term_string}\"},\"query-input\":\"required name=search_term_string\"}],\"inLanguage\":\"fr-FR\"},{\"@type\":\"WebPage\",\"@id\":\"https:\/\/compilnoma2.fr\/?page_id=456\",\"url\":\"https:\/\/compilnoma2.fr\/?page_id=456\",\"name\":\"Nos Guests -\",\"isPartOf\":{\"@id\":\"https:\/\/compilnoma2.fr\/#website\"},\"datePublished\":\"2022-11-20T18:45:53+00:00\",\"dateModified\":\"2023-03-26T16:36:57+00:00\",\"breadcrumb\":{\"@id\":\"https:\/\/compilnoma2.fr\/?page_id=456#breadcrumb\"},\"inLanguage\":\"fr-FR\",\"potentialAction\":[{\"@type\":\"ReadAction\",\"target\":[\"https:\/\/compilnoma2.fr\/?page_id=456\"]}]},{\"@type\":\"BreadcrumbList\",\"@id\":\"https:\/\/compilnoma2.fr\/?page_id=456#breadcrumb\",\"itemListElement\":[{\"@type\":\"ListItem\",\"position\":1,\"name\":\"Accueil\",\"item\":\"https:\/\/compilnoma2.fr\/\"},{\"@type\":\"ListItem\",\"position\":2,\"name\":\"Nos Guests\"}]}]}<\/script>\n<!-- \/ Yoast SEO plugin. -->","yoast_head_json":{"title":"Nos Guests -","robots":{"index":"index","follow":"follow","max-snippet":"max-snippet:-1","max-image-preview":"max-image-preview:large","max-video-preview":"max-video-preview:-1"},"canonical":"https:\/\/compilnoma2.fr\/?page_id=456","og_locale":"fr_FR","og_type":"article","og_title":"Nos Guests -","og_description":"&amp;Co D&rsquo;une envie \u00e0 l&rsquo;autre et d&rsquo;une sonorit\u00e9 \u00e0 la prochaine, quelques titres en partage &#8211; il parait qu&rsquo;on peut revenir. D\u00e9couvrir Bristol, entre autres Je ne connais pas Bristol, mais Bristol est souvent entr\u00e9e chez moi.&nbsp; Je m&rsquo;y suis replong\u00e9e un dimanche, pluvieux, et je me suis perdue un peu plus loin&#8230; D\u00e9couvrir Un [&hellip;]","og_url":"https:\/\/compilnoma2.fr\/?page_id=456","article_modified_time":"2023-03-26T16:36:57+00:00","og_image":[{"url":"https:\/\/compilnoma2.fr\/wp-content\/uploads\/2022\/11\/20220823_163715-768x432.jpg"}],"twitter_card":"summary_large_image","twitter_misc":{"Dur\u00e9e de lecture estim\u00e9e":"2 minutes"},"schema":{"@context":"https:\/\/schema.org","@graph":[{"@type":"WebSite","@id":"https:\/\/compilnoma2.fr\/#website","url":"https:\/\/compilnoma2.fr\/","name":"","description":"","potentialAction":[{"@type":"SearchAction","target":{"@type":"EntryPoint","urlTemplate":"https:\/\/compilnoma2.fr\/?s={search_term_string}"},"query-input":"required name=search_term_string"}],"inLanguage":"fr-FR"},{"@type":"WebPage","@id":"https:\/\/compilnoma2.fr\/?page_id=456","url":"https:\/\/compilnoma2.fr\/?page_id=456","name":"Nos Guests -","isPartOf":{"@id":"https:\/\/compilnoma2.fr\/#website"},"datePublished":"2022-11-20T18:45:53+00:00","dateModified":"2023-03-26T16:36:57+00:00","breadcrumb":{"@id":"https:\/\/compilnoma2.fr\/?page_id=456#breadcrumb"},"inLanguage":"fr-FR","potentialAction":[{"@type":"ReadAction","target":["https:\/\/compilnoma2.fr\/?page_id=456"]}]},{"@type":"BreadcrumbList","@id":"https:\/\/compilnoma2.fr\/?page_id=456#breadcrumb","itemListElement":[{"@type":"ListItem","position":1,"name":"Accueil","item":"https:\/\/compilnoma2.fr\/"},{"@type":"ListItem","position":2,"name":"Nos Guests"}]}]}},"_links":{"self":[{"href":"https:\/\/compilnoma2.fr\/index.php?rest_route=\/wp\/v2\/pages\/456","targetHints":{"allow":["GET"]}}],"collection":[{"href":"https:\/\/compilnoma2.fr\/index.php?rest_route=\/wp\/v2\/pages"}],"about":[{"href":"https:\/\/compilnoma2.fr\/index.php?rest_route=\/wp\/v2\/types\/page"}],"author":[{"embeddable":true,"href":"https:\/\/compilnoma2.fr\/index.php?rest_route=\/wp\/v2\/users\/1"}],"replies":[{"embeddable":true,"href":"https:\/\/compilnoma2.fr\/index.php?rest_route=%2Fwp%2Fv2%2Fcomments&post=456"}],"version-history":[{"count":77,"href":"https:\/\/compilnoma2.fr\/index.php?rest_route=\/wp\/v2\/pages\/456\/revisions"}],"predecessor-version":[{"id":590,"href":"https:\/\/compilnoma2.fr\/index.php?rest_route=\/wp\/v2\/pages\/456\/revisions\/590"}],"wp:attachment":[{"href":"https:\/\/compilnoma2.fr\/index.php?rest_route=%2Fwp%2Fv2%2Fmedia&parent=456"}],"curies":[{"name":"wp","href":"https:\/\/api.w.org\/{rel}","templated":true}]}}